{"id":425,"date":"2024-09-18T19:13:10","date_gmt":"2024-09-18T19:13:10","guid":{"rendered":"https:\/\/orasesanatoase.ro\/?page_id=425"},"modified":"2024-09-19T18:01:08","modified_gmt":"2024-09-19T18:01:08","slug":"contact","status":"publish","type":"page","link":"https:\/\/orasesanatoase.ro\/index.php\/contact\/","title":{"rendered":"Contact"},"content":{"rendered":"\t\t<div data-elementor-type=\"wp-page\" data-elementor-id=\"425\" class=\"elementor elementor-425\" data-elementor-post-type=\"page\">\n\t\t\t\t<div class=\"elementor-element elementor-element-218816fd e-flex e-con-boxed e-con e-parent\" data-id=\"218816fd\" data-element_type=\"container\">\n\t\t\t\t\t<div class=\"e-con-inner\">\n\t\t\t\t<div class=\"elementor-element elementor-element-5b40a477 elementor-widget elementor-widget-text-editor\" data-id=\"5b40a477\" data-element_type=\"widget\" data-widget_type=\"text-editor.default\">\n\t\t\t\t<div class=\"elementor-widget-container\">\n\t\t\t\t\t\t\t\t\t\n\n\n\n\n\n\n\n\n\n\n\n\n\n\n\n\t\t\t\t\t\t\t\t<\/div>\n\t\t\t\t<\/div>\n\t\t\t\t\t<\/div>\n\t\t\t\t<\/div>\n\t\t<div class=\"elementor-element elementor-element-ffc0805 e-flex e-con-boxed e-con e-parent\" data-id=\"ffc0805\" data-element_type=\"container\">\n\t\t\t\t\t<div class=\"e-con-inner\">\n\t\t\t\t<div class=\"elementor-element elementor-element-5038ded elementor-widget elementor-widget-heading\" data-id=\"5038ded\" data-element_type=\"widget\" data-widget_type=\"heading.default\">\n\t\t\t\t<div class=\"elementor-widget-container\">\n\t\t\t\t\t<h5 class=\"elementor-heading-title elementor-size-default\">Adres\u0103 : Chitila, Ilfov, Rom\u00e2nia<br><br>Email :  office@orasesanatoase.ro<br><br>Nr. tel. : +(40) 733 840 451<\/h5>\t\t\t\t<\/div>\n\t\t\t\t<\/div>\n\t\t\t\t<div class=\"elementor-element elementor-element-9dde368 elementor-widget elementor-widget-wpforms\" data-id=\"9dde368\" data-element_type=\"widget\" data-widget_type=\"wpforms.default\">\n\t\t\t\t<div class=\"elementor-widget-container\">\n\t\t\t\t\t<div class=\"wpforms-container wpforms-container-full wpforms-block wpforms-block-67929297-9abe-4015-a280-03c9eed51a1a wpforms-render-modern\" id=\"wpforms-509\"><form id=\"wpforms-form-509\" class=\"wpforms-validate wpforms-form wpforms-ajax-form\" data-formid=\"509\" method=\"post\" enctype=\"multipart\/form-data\" action=\"\/index.php\/wp-json\/wp\/v2\/pages\/425\" data-token=\"e31244521dbb1f9b28242a879547a364\" data-token-time=\"1775922851\"><noscript class=\"wpforms-error-noscript\">Please enable JavaScript in your browser to complete this form.<\/noscript><div id=\"wpforms-error-noscript\" style=\"display: none;\">Please enable JavaScript in your browser to complete this form.<\/div><div class=\"wpforms-field-container\">\t\t<div id=\"wpforms-509-field_4-container\"\n\t\t\tclass=\"wpforms-field wpforms-field-text\"\n\t\t\tdata-field-type=\"text\"\n\t\t\tdata-field-id=\"4\"\n\t\t\t>\n\t\t\t<label class=\"wpforms-field-label\" for=\"wpforms-509-field_4\" >\u0219i Prenume Nume<\/label>\n\t\t\t<input type=\"text\" id=\"wpforms-509-field_4\" class=\"wpforms-field-medium\" name=\"wpforms[fields][4]\" >\n\t\t<\/div>\n\t\t<div id=\"wpforms-509-field_1-container\" class=\"wpforms-field wpforms-field-name\" data-field-id=\"1\"><label class=\"wpforms-field-label\" for=\"wpforms-509-field_1\">Nume \u0219i Prenume <span class=\"wpforms-required-label\" aria-hidden=\"true\">*<\/span><\/label><input type=\"text\" id=\"wpforms-509-field_1\" class=\"wpforms-field-medium wpforms-field-required\" name=\"wpforms[fields][1]\" aria-errormessage=\"wpforms-509-field_1-error\" required><\/div><div id=\"wpforms-509-field_2-container\" class=\"wpforms-field wpforms-field-email\" data-field-id=\"2\"><label class=\"wpforms-field-label\" for=\"wpforms-509-field_2\">Email <span class=\"wpforms-required-label\" aria-hidden=\"true\">*<\/span><\/label><input type=\"email\" id=\"wpforms-509-field_2\" class=\"wpforms-field-medium wpforms-field-required\" name=\"wpforms[fields][2]\" spellcheck=\"false\" aria-errormessage=\"wpforms-509-field_2-error\" required><\/div><div id=\"wpforms-509-field_3-container\" class=\"wpforms-field wpforms-field-textarea\" data-field-id=\"3\"><label class=\"wpforms-field-label\" for=\"wpforms-509-field_3\">Mesaj<\/label><textarea id=\"wpforms-509-field_3\" class=\"wpforms-field-medium\" name=\"wpforms[fields][3]\" aria-errormessage=\"wpforms-509-field_3-error\" ><\/textarea><\/div><script>\n\t\t\t\t( function() {\n\t\t\t\t\tconst style = document.createElement( 'style' );\n\t\t\t\t\tstyle.appendChild( document.createTextNode( '#wpforms-509-field_4-container { position: absolute !important; overflow: hidden !important; display: inline !important; height: 1px !important; width: 1px !important; z-index: -1000 !important; padding: 0 !important; } #wpforms-509-field_4-container input { visibility: hidden; } #wpforms-conversational-form-page #wpforms-509-field_4-container label { counter-increment: none; }' ) );\n\t\t\t\t\tdocument.head.appendChild( style );\n\t\t\t\t\tdocument.currentScript?.remove();\n\t\t\t\t} )();\n\t\t\t<\/script><\/div><!-- .wpforms-field-container --><div class=\"wpforms-submit-container\" ><input type=\"hidden\" name=\"wpforms[id]\" value=\"509\"><input type=\"hidden\" name=\"page_title\" value=\"\"><input type=\"hidden\" name=\"page_url\" value=\"https:\/\/orasesanatoase.ro\/index.php\/wp-json\/wp\/v2\/pages\/425\"><input type=\"hidden\" name=\"url_referer\" value=\"\"><button type=\"submit\" name=\"wpforms[submit]\" id=\"wpforms-submit-509\" class=\"wpforms-submit\" data-alt-text=\"Se trimite..\" data-submit-text=\"Trimite\" aria-live=\"assertive\" value=\"wpforms-submit\">Trimite<\/button><img decoding=\"async\" src=\"https:\/\/orasesanatoase.ro\/wp-content\/plugins\/wpforms-lite\/assets\/images\/submit-spin.svg\" class=\"wpforms-submit-spinner\" style=\"display: none;\" width=\"26\" height=\"26\" alt=\"Loading\"><\/div><\/form><\/div>  <!-- .wpforms-container -->\t\t\t\t<\/div>\n\t\t\t\t<\/div>\n\t\t\t\t\t<\/div>\n\t\t\t\t<\/div>\n\t\t<div class=\"elementor-element elementor-element-eaaf71c e-flex e-con-boxed e-con e-parent\" data-id=\"eaaf71c\" data-element_type=\"container\">\n\t\t\t\t\t<div class=\"e-con-inner\">\n\t\t\t\t<div class=\"elementor-element elementor-element-21f687e elementor-widget elementor-widget-google_maps\" data-id=\"21f687e\" data-element_type=\"widget\" data-widget_type=\"google_maps.default\">\n\t\t\t\t<div class=\"elementor-widget-container\">\n\t\t\t\t\t\t\t<div class=\"elementor-custom-embed\">\n\t\t\t<iframe loading=\"lazy\"\n\t\t\t\t\tsrc=\"https:\/\/maps.google.com\/maps?q=Chitila%2C%20Ilfov&#038;t=m&#038;z=13&#038;output=embed&#038;iwloc=near\"\n\t\t\t\t\ttitle=\"Chitila, Ilfov\"\n\t\t\t\t\taria-label=\"Chitila, Ilfov\"\n\t\t\t><\/iframe>\n\t\t<\/div>\n\t\t\t\t\t\t<\/div>\n\t\t\t\t<\/div>\n\t\t\t\t\t<\/div>\n\t\t\t\t<\/div>\n\t\t\t\t<\/div>\n\t\t","protected":false},"excerpt":{"rendered":"<p>Adres\u0103 : Chitila, Ilfov, Rom\u00e2nia Email : office@orasesanatoase.ro Nr. tel. : +(40) 733 840 451 Please enable JavaScript in your browser to complete this form.Please enable JavaScript in your browser to complete this form. Nume \u0219i Prenume * FirstLast Email *Mesaj Trimite<\/p>\n","protected":false},"author":1,"featured_media":0,"parent":0,"menu_order":0,"comment_status":"closed","ping_status":"closed","template":"","meta":{"give_campaign_id":0,"footnotes":""},"class_list":["post-425","page","type-page","status-publish","hentry"],"yoast_head":"<!-- This site is optimized with the Yoast SEO plugin v25.6 - https:\/\/yoast.com\/wordpress\/plugins\/seo\/ -->\n<title>Contact - Ora\u0219e S\u0103n\u0103toase<\/title>\n<meta name=\"robots\" content=\"index, follow, max-snippet:-1, max-image-preview:large, max-video-preview:-1\" \/>\n<link rel=\"canonical\" href=\"https:\/\/orasesanatoase.ro\/index.php\/contact\/\" \/>\n<meta property=\"og:locale\" content=\"en_US\" \/>\n<meta property=\"og:type\" content=\"article\" \/>\n<meta property=\"og:title\" content=\"Contact - Ora\u0219e S\u0103n\u0103toase\" \/>\n<meta property=\"og:description\" content=\"Adres\u0103 : Chitila, Ilfov, Rom\u00e2nia Email : office@orasesanatoase.ro Nr. tel. : +(40) 733 840 451 Please enable JavaScript in your browser to complete this form.Please enable JavaScript in your browser to complete this form. Nume \u0219i Prenume * FirstLast Email *Mesaj Trimite\" \/>\n<meta property=\"og:url\" content=\"https:\/\/orasesanatoase.ro\/index.php\/contact\/\" \/>\n<meta property=\"og:site_name\" content=\"Ora\u0219e S\u0103n\u0103toase\" \/>\n<meta property=\"article:modified_time\" content=\"2024-09-19T18:01:08+00:00\" \/>\n<meta property=\"og:image\" content=\"https:\/\/orasesanatoase.ro\/wp-content\/plugins\/wpforms-lite\/assets\/images\/submit-spin.svg\" \/>\n<meta name=\"twitter:card\" content=\"summary_large_image\" \/>\n<script type=\"application\/ld+json\" class=\"yoast-schema-graph\">{\"@context\":\"https:\/\/schema.org\",\"@graph\":[{\"@type\":\"WebPage\",\"@id\":\"https:\/\/orasesanatoase.ro\/index.php\/contact\/\",\"url\":\"https:\/\/orasesanatoase.ro\/index.php\/contact\/\",\"name\":\"Contact - Ora\u0219e S\u0103n\u0103toase\",\"isPartOf\":{\"@id\":\"https:\/\/orasesanatoase.ro\/#website\"},\"primaryImageOfPage\":{\"@id\":\"https:\/\/orasesanatoase.ro\/index.php\/contact\/#primaryimage\"},\"image\":{\"@id\":\"https:\/\/orasesanatoase.ro\/index.php\/contact\/#primaryimage\"},\"thumbnailUrl\":\"https:\/\/orasesanatoase.ro\/wp-content\/plugins\/wpforms-lite\/assets\/images\/submit-spin.svg\",\"datePublished\":\"2024-09-18T19:13:10+00:00\",\"dateModified\":\"2024-09-19T18:01:08+00:00\",\"breadcrumb\":{\"@id\":\"https:\/\/orasesanatoase.ro\/index.php\/contact\/#breadcrumb\"},\"inLanguage\":\"en-US\",\"potentialAction\":[{\"@type\":\"ReadAction\",\"target\":[\"https:\/\/orasesanatoase.ro\/index.php\/contact\/\"]}]},{\"@type\":\"ImageObject\",\"inLanguage\":\"en-US\",\"@id\":\"https:\/\/orasesanatoase.ro\/index.php\/contact\/#primaryimage\",\"url\":\"https:\/\/orasesanatoase.ro\/wp-content\/plugins\/wpforms-lite\/assets\/images\/submit-spin.svg\",\"contentUrl\":\"https:\/\/orasesanatoase.ro\/wp-content\/plugins\/wpforms-lite\/assets\/images\/submit-spin.svg\"},{\"@type\":\"BreadcrumbList\",\"@id\":\"https:\/\/orasesanatoase.ro\/index.php\/contact\/#breadcrumb\",\"itemListElement\":[{\"@type\":\"ListItem\",\"position\":1,\"name\":\"Home\",\"item\":\"https:\/\/orasesanatoase.ro\/\"},{\"@type\":\"ListItem\",\"position\":2,\"name\":\"Contact\"}]},{\"@type\":\"WebSite\",\"@id\":\"https:\/\/orasesanatoase.ro\/#website\",\"url\":\"https:\/\/orasesanatoase.ro\/\",\"name\":\"Ora\u0219e S\u0103n\u0103toase\",\"description\":\"\",\"publisher\":{\"@id\":\"https:\/\/orasesanatoase.ro\/#organization\"},\"alternateName\":\"Institutul pentru Ora\u0219e S\u0103n\u0103toase\",\"potentialAction\":[{\"@type\":\"SearchAction\",\"target\":{\"@type\":\"EntryPoint\",\"urlTemplate\":\"https:\/\/orasesanatoase.ro\/?s={search_term_string}\"},\"query-input\":{\"@type\":\"PropertyValueSpecification\",\"valueRequired\":true,\"valueName\":\"search_term_string\"}}],\"inLanguage\":\"en-US\"},{\"@type\":\"Organization\",\"@id\":\"https:\/\/orasesanatoase.ro\/#organization\",\"name\":\"Institutul pentru Ora\u0219e S\u0103n\u0103toase\",\"url\":\"https:\/\/orasesanatoase.ro\/\",\"logo\":{\"@type\":\"ImageObject\",\"inLanguage\":\"en-US\",\"@id\":\"https:\/\/orasesanatoase.ro\/#\/schema\/logo\/image\/\",\"url\":\"https:\/\/orasesanatoase.ro\/wp-content\/uploads\/2024\/09\/cropped-Sigla-Ios-28.03-1.png\",\"contentUrl\":\"https:\/\/orasesanatoase.ro\/wp-content\/uploads\/2024\/09\/cropped-Sigla-Ios-28.03-1.png\",\"width\":440,\"height\":365,\"caption\":\"Institutul pentru Ora\u0219e S\u0103n\u0103toase\"},\"image\":{\"@id\":\"https:\/\/orasesanatoase.ro\/#\/schema\/logo\/image\/\"}}]}<\/script>\n<!-- \/ Yoast SEO plugin. -->","yoast_head_json":{"title":"Contact - Ora\u0219e S\u0103n\u0103toase","robots":{"index":"index","follow":"follow","max-snippet":"max-snippet:-1","max-image-preview":"max-image-preview:large","max-video-preview":"max-video-preview:-1"},"canonical":"https:\/\/orasesanatoase.ro\/index.php\/contact\/","og_locale":"en_US","og_type":"article","og_title":"Contact - Ora\u0219e S\u0103n\u0103toase","og_description":"Adres\u0103 : Chitila, Ilfov, Rom\u00e2nia Email : office@orasesanatoase.ro Nr. tel. : +(40) 733 840 451 Please enable JavaScript in your browser to complete this form.Please enable JavaScript in your browser to complete this form. Nume \u0219i Prenume * FirstLast Email *Mesaj Trimite","og_url":"https:\/\/orasesanatoase.ro\/index.php\/contact\/","og_site_name":"Ora\u0219e S\u0103n\u0103toase","article_modified_time":"2024-09-19T18:01:08+00:00","og_image":[{"url":"https:\/\/orasesanatoase.ro\/wp-content\/plugins\/wpforms-lite\/assets\/images\/submit-spin.svg","type":"","width":"","height":""}],"twitter_card":"summary_large_image","schema":{"@context":"https:\/\/schema.org","@graph":[{"@type":"WebPage","@id":"https:\/\/orasesanatoase.ro\/index.php\/contact\/","url":"https:\/\/orasesanatoase.ro\/index.php\/contact\/","name":"Contact - Ora\u0219e S\u0103n\u0103toase","isPartOf":{"@id":"https:\/\/orasesanatoase.ro\/#website"},"primaryImageOfPage":{"@id":"https:\/\/orasesanatoase.ro\/index.php\/contact\/#primaryimage"},"image":{"@id":"https:\/\/orasesanatoase.ro\/index.php\/contact\/#primaryimage"},"thumbnailUrl":"https:\/\/orasesanatoase.ro\/wp-content\/plugins\/wpforms-lite\/assets\/images\/submit-spin.svg","datePublished":"2024-09-18T19:13:10+00:00","dateModified":"2024-09-19T18:01:08+00:00","breadcrumb":{"@id":"https:\/\/orasesanatoase.ro\/index.php\/contact\/#breadcrumb"},"inLanguage":"en-US","potentialAction":[{"@type":"ReadAction","target":["https:\/\/orasesanatoase.ro\/index.php\/contact\/"]}]},{"@type":"ImageObject","inLanguage":"en-US","@id":"https:\/\/orasesanatoase.ro\/index.php\/contact\/#primaryimage","url":"https:\/\/orasesanatoase.ro\/wp-content\/plugins\/wpforms-lite\/assets\/images\/submit-spin.svg","contentUrl":"https:\/\/orasesanatoase.ro\/wp-content\/plugins\/wpforms-lite\/assets\/images\/submit-spin.svg"},{"@type":"BreadcrumbList","@id":"https:\/\/orasesanatoase.ro\/index.php\/contact\/#breadcrumb","itemListElement":[{"@type":"ListItem","position":1,"name":"Home","item":"https:\/\/orasesanatoase.ro\/"},{"@type":"ListItem","position":2,"name":"Contact"}]},{"@type":"WebSite","@id":"https:\/\/orasesanatoase.ro\/#website","url":"https:\/\/orasesanatoase.ro\/","name":"Ora\u0219e S\u0103n\u0103toase","description":"","publisher":{"@id":"https:\/\/orasesanatoase.ro\/#organization"},"alternateName":"Institutul pentru Ora\u0219e S\u0103n\u0103toase","potentialAction":[{"@type":"SearchAction","target":{"@type":"EntryPoint","urlTemplate":"https:\/\/orasesanatoase.ro\/?s={search_term_string}"},"query-input":{"@type":"PropertyValueSpecification","valueRequired":true,"valueName":"search_term_string"}}],"inLanguage":"en-US"},{"@type":"Organization","@id":"https:\/\/orasesanatoase.ro\/#organization","name":"Institutul pentru Ora\u0219e S\u0103n\u0103toase","url":"https:\/\/orasesanatoase.ro\/","logo":{"@type":"ImageObject","inLanguage":"en-US","@id":"https:\/\/orasesanatoase.ro\/#\/schema\/logo\/image\/","url":"https:\/\/orasesanatoase.ro\/wp-content\/uploads\/2024\/09\/cropped-Sigla-Ios-28.03-1.png","contentUrl":"https:\/\/orasesanatoase.ro\/wp-content\/uploads\/2024\/09\/cropped-Sigla-Ios-28.03-1.png","width":440,"height":365,"caption":"Institutul pentru Ora\u0219e S\u0103n\u0103toase"},"image":{"@id":"https:\/\/orasesanatoase.ro\/#\/schema\/logo\/image\/"}}]}},"campaignId":"","_links":{"self":[{"href":"https:\/\/orasesanatoase.ro\/index.php\/wp-json\/wp\/v2\/pages\/425","targetHints":{"allow":["GET"]}}],"collection":[{"href":"https:\/\/orasesanatoase.ro\/index.php\/wp-json\/wp\/v2\/pages"}],"about":[{"href":"https:\/\/orasesanatoase.ro\/index.php\/wp-json\/wp\/v2\/types\/page"}],"author":[{"embeddable":true,"href":"https:\/\/orasesanatoase.ro\/index.php\/wp-json\/wp\/v2\/users\/1"}],"replies":[{"embeddable":true,"href":"https:\/\/orasesanatoase.ro\/index.php\/wp-json\/wp\/v2\/comments?post=425"}],"version-history":[{"count":7,"href":"https:\/\/orasesanatoase.ro\/index.php\/wp-json\/wp\/v2\/pages\/425\/revisions"}],"predecessor-version":[{"id":520,"href":"https:\/\/orasesanatoase.ro\/index.php\/wp-json\/wp\/v2\/pages\/425\/revisions\/520"}],"wp:attachment":[{"href":"https:\/\/orasesanatoase.ro\/index.php\/wp-json\/wp\/v2\/media?parent=425"}],"curies":[{"name":"wp","href":"https:\/\/api.w.org\/{rel}","templated":true}]}}